{"id":1460,"date":"2022-12-16T18:53:08","date_gmt":"2022-12-16T17:53:08","guid":{"rendered":"https:\/\/www.etangs-de-taysse.com\/contacto\/"},"modified":"2024-05-10T10:13:09","modified_gmt":"2024-05-10T08:13:09","slug":"contacto","status":"publish","type":"page","link":"https:\/\/www.etangs-de-taysse.com\/es\/contacto\/","title":{"rendered":"CONTACTO"},"content":{"rendered":"\t\t<div data-elementor-type=\"wp-page\" data-elementor-id=\"1460\" class=\"elementor elementor-1460 elementor-339\" data-elementor-post-type=\"page\">\n\t\t\t\t\t\t<section class=\"elementor-section elementor-top-section elementor-element elementor-element-2967444 elementor-section-full_width elementor-section-height-default elementor-section-height-default\" data-id=\"2967444\" data-element_type=\"section\">\n\t\t\t\t\t\t<div class=\"elementor-container elementor-column-gap-no\">\n\t\t\t\t\t<div class=\"elementor-column elementor-col-100 elementor-top-column elementor-element elementor-element-47621be\" data-id=\"47621be\" data-element_type=\"column\">\n\t\t\t<div class=\"elementor-widget-wrap elementor-element-populated\">\n\t\t\t\t\t\t<div class=\"elementor-element elementor-element-b51135f elementor--h-position-center elementor--v-position-middle elementor-arrows-position-inside elementor-pagination-position-inside elementor-widget elementor-widget-slides\" data-id=\"b51135f\" data-element_type=\"widget\" data-settings=\"{&quot;navigation&quot;:&quot;both&quot;,&quot;transition&quot;:&quot;slide&quot;,&quot;transition_speed&quot;:500}\" data-widget_type=\"slides.default\">\n\t\t\t\t<div class=\"elementor-widget-container\">\n\t\t\t\t\t\t\t\t\t<div class=\"elementor-swiper\">\n\t\t\t\t\t<div class=\"elementor-slides-wrapper elementor-main-swiper swiper\" role=\"region\" aria-roledescription=\"carousel\" aria-label=\"Diapositivas\" dir=\"ltr\" data-animation=\"fadeInUp\">\n\t\t\t\t<div class=\"swiper-wrapper elementor-slides\">\n\t\t\t\t\t\t\t\t\t\t<div class=\"elementor-repeater-item-164631c swiper-slide\" role=\"group\" aria-roledescription=\"slide\"><div class=\"swiper-slide-bg\" role=\"img\" aria-label=\"domaine-etang-taysse-contact\"><\/div><div class=\"elementor-background-overlay\"><\/div><a class=\"swiper-slide-inner\" href=\"#\"><div class=\"swiper-slide-contents\"><div class=\"elementor-slide-heading\"><h1>Contactar con el Domaine de Taysse<\/h1><\/div><div class=\"elementor-slide-description\"><p>Si desea ponerse en contacto con nosotros para <b>una solicitud concreta, la reserva de una sala para una recepci\u00f3n o un seminario<\/b>, le facilitamos este formulario, no dude en utilizarlo.<\/p>\n<\/div><\/div><\/a><\/div>\t\t\t\t<\/div>\n\t\t\t\t\t\t\t<\/div>\n\t\t\t\t<\/div>\n\t\t\t\t\t\t\t\t<\/div>\n\t\t\t\t<\/div>\n\t\t\t\t\t<\/div>\n\t\t<\/div>\n\t\t\t\t\t<\/div>\n\t\t<\/section>\n\t\t\t\t<section class=\"elementor-section elementor-top-section elementor-element elementor-element-7d422ab elementor-section-boxed elementor-section-height-default elementor-section-height-default\" data-id=\"7d422ab\" data-element_type=\"section\">\n\t\t\t\t\t\t<div class=\"elementor-container elementor-column-gap-no\">\n\t\t\t\t\t<div class=\"elementor-column elementor-col-100 elementor-top-column elementor-element elementor-element-4c82622\" data-id=\"4c82622\" data-element_type=\"column\">\n\t\t\t<div class=\"elementor-widget-wrap elementor-element-populated\">\n\t\t\t\t\t\t<div class=\"elementor-element elementor-element-44d47e5 elementor-widget elementor-widget-heading\" data-id=\"44d47e5\" data-element_type=\"widget\" data-widget_type=\"heading.default\">\n\t\t\t\t<div class=\"elementor-widget-container\">\n\t\t\t\t\t<h2 class=\"elementor-heading-title elementor-size-default\">Hoteles al aire libre - Sal\u00f3n de recepciones - Seminarios - Pesca Abierto de Pascua a Todos los Santos<\/h2>\t\t\t\t<\/div>\n\t\t\t\t<\/div>\n\t\t\t\t<div class=\"elementor-element elementor-element-aba29c4 elementor-widget elementor-widget-text-editor\" data-id=\"aba29c4\" data-element_type=\"widget\" data-widget_type=\"text-editor.default\">\n\t\t\t\t<div class=\"elementor-widget-container\">\n\t\t\t\t\t\t\t\t\t<p><strong>Horario de recepci\u00f3n:<\/strong> de 8.30 h. a 19.30 h.<\/p>\n<p>Los \u00e9tangs de taysse<br \/>19150 Espagnac France<\/p>\n<p>+33 (0)5 55 20 79 00<\/p>\n<p>Phone. Restaurante : +33 (0)5 55 20 79 04<\/p>\n\t\t\t\t\t\t\t\t<\/div>\n\t\t\t\t<\/div>\n\t\t\t\t\t<\/div>\n\t\t<\/div>\n\t\t\t\t\t<\/div>\n\t\t<\/section>\n\t\t\t\t<section class=\"elementor-section elementor-top-section elementor-element elementor-element-ed73ddd elementor-section-full_width elementor-section-height-default elementor-section-height-default\" data-id=\"ed73ddd\" data-element_type=\"section\">\n\t\t\t\t\t\t<div class=\"elementor-container elementor-column-gap-no\">\n\t\t\t\t\t<div class=\"elementor-column elementor-col-100 elementor-top-column elementor-element elementor-element-62ab7e8\" data-id=\"62ab7e8\" data-element_type=\"column\">\n\t\t\t<div class=\"elementor-widget-wrap elementor-element-populated\">\n\t\t\t\t\t\t<div class=\"elementor-element elementor-element-e248390 elementor-widget elementor-widget-html\" data-id=\"e248390\" data-element_type=\"widget\" data-widget_type=\"html.default\">\n\t\t\t\t<div class=\"elementor-widget-container\">\n\t\t\t\t\t<iframe src=\"https:\/\/www.google.com\/maps\/embed?pb=!1m18!1m12!1m3!1d64669.40752220153!2d1.8424971332166433!3d45.249572428278526!2m3!1f0!2f0!3f0!3m2!1i1024!2i768!4f13.1!3m3!1m2!1s0x47f860c4666e6457%3A0xc960fc2d5febcee0!2sLES%20ETANGS%20DE%20TAYSSE!5e0!3m2!1sfr!2sfr!4v1671213172208!5m2!1sfr!2sfr\" width=\"600\" height=\"750\" style=\"border:0;\" allowfullscreen=\"\" loading=\"lazy\" referrerpolicy=\"no-referrer-when-downgrade\"><\/iframe>\t\t\t\t<\/div>\n\t\t\t\t<\/div>\n\t\t\t\t\t<\/div>\n\t\t<\/div>\n\t\t\t\t\t<\/div>\n\t\t<\/section>\n\t\t\t\t<section class=\"elementor-section elementor-top-section elementor-element elementor-element-c178f4e elementor-section-content-middle elementor-section-boxed elementor-section-height-default elementor-section-height-default\" data-id=\"c178f4e\" data-element_type=\"section\">\n\t\t\t\t\t\t<div class=\"elementor-container elementor-column-gap-default\">\n\t\t\t\t\t<div class=\"elementor-column elementor-col-100 elementor-top-column elementor-element elementor-element-0e463d4\" data-id=\"0e463d4\" data-element_type=\"column\">\n\t\t\t<div class=\"elementor-widget-wrap elementor-element-populated\">\n\t\t\t\t\t\t<div class=\"elementor-element elementor-element-cbcd6cd elementor-widget elementor-widget-heading\" data-id=\"cbcd6cd\" data-element_type=\"widget\" data-widget_type=\"heading.default\">\n\t\t\t\t<div class=\"elementor-widget-container\">\n\t\t\t\t\t<h2 class=\"elementor-heading-title elementor-size-default\">Atenci\u00f3n \u00a1Informaci\u00f3n muy importante!<\/h2>\t\t\t\t<\/div>\n\t\t\t\t<\/div>\n\t\t\t\t<div class=\"elementor-element elementor-element-afdeeee elementor-widget elementor-widget-text-editor\" data-id=\"afdeeee\" data-element_type=\"widget\" data-widget_type=\"text-editor.default\">\n\t\t\t\t<div class=\"elementor-widget-container\">\n\t\t\t\t\t\t\t\t\t<p>Para llegar, programe su GPS con el municipio \u00abEspagnac\u00bb y el nombre de la calle \u00abEtang de Taysse\u00bb (precisar Etang es importante), le guiar\u00e1 sin problema hasta la salida 21 de la autopista A89. Sin embargo, a partir de este punto, olv\u00eddese del GPS durante unos kil\u00f3metros y siga las siguientes indicaciones: en la primera rotonda despu\u00e9s del peaje, gire a la derecha en direcci\u00f3n Gare de Corr\u00e8ze. Entre en el pueblo y gire a la derecha en la primera rotonda. Recorra unos kil\u00f3metros por esta carretera y gire a la derecha en la indicaci\u00f3n de Saint Martial de Gimel. A continuaci\u00f3n, s\u00f3lo tienes que seguir las indicaciones \u00abEtang de Taysse\u00bb y girar a la izquierda en cuanto cruces la presa del estanque<\/p>\n\t\t\t\t\t\t\t\t<\/div>\n\t\t\t\t<\/div>\n\t\t\t\t\t<\/div>\n\t\t<\/div>\n\t\t\t\t\t<\/div>\n\t\t<\/section>\n\t\t\t\t<section class=\"elementor-section elementor-top-section elementor-element elementor-element-42139eb elementor-section-boxed elementor-section-height-default elementor-section-height-default\" data-id=\"42139eb\" data-element_type=\"section\">\n\t\t\t\t\t\t\t<div class=\"elementor-background-overlay\"><\/div>\n\t\t\t\t\t\t\t<div class=\"elementor-container elementor-column-gap-default\">\n\t\t\t\t\t<div class=\"elementor-column elementor-col-100 elementor-top-column elementor-element elementor-element-deda5cb\" data-id=\"deda5cb\" data-element_type=\"column\">\n\t\t\t<div class=\"elementor-widget-wrap elementor-element-populated\">\n\t\t\t\t\t\t<div class=\"elementor-element elementor-element-b059a7b elementor-widget elementor-widget-heading\" data-id=\"b059a7b\" data-element_type=\"widget\" data-widget_type=\"heading.default\">\n\t\t\t\t<div class=\"elementor-widget-container\">\n\t\t\t\t\t<h2 class=\"elementor-heading-title elementor-size-default\">Cont\u00e1ctenos<\/h2>\t\t\t\t<\/div>\n\t\t\t\t<\/div>\n\t\t\t\t<div class=\"elementor-element elementor-element-8aeb195 elementor-button-align-end elementor-widget elementor-widget-form\" data-id=\"8aeb195\" data-element_type=\"widget\" data-settings=\"{&quot;button_width&quot;:&quot;100&quot;,&quot;step_type&quot;:&quot;number_text&quot;,&quot;step_icon_shape&quot;:&quot;circle&quot;}\" data-widget_type=\"form.default\">\n\t\t\t\t<div class=\"elementor-widget-container\">\n\t\t\t\t\t\t\t<form class=\"elementor-form\" method=\"post\" name=\"Contacto\" aria-label=\"Contacto\">\n\t\t\t<input type=\"hidden\" name=\"post_id\" value=\"1460\"\/>\n\t\t\t<input type=\"hidden\" name=\"form_id\" value=\"8aeb195\"\/>\n\t\t\t<input type=\"hidden\" name=\"referer_title\" value=\"Cont\u00e1ctenos - Domaine des \u00e9tangs de Taysse\" \/>\n\n\t\t\t\t\t\t\t<input type=\"hidden\" name=\"queried_id\" value=\"1460\"\/>\n\t\t\t\n\t\t\t<div class=\"elementor-form-fields-wrapper elementor-labels-above\">\n\t\t\t\t\t\t\t\t<div class=\"elementor-field-type-text elementor-field-group elementor-column elementor-field-group-name elementor-col-50 elementor-field-required\">\n\t\t\t\t\t\t\t\t\t\t\t\t\t<input size=\"1\" type=\"text\" name=\"form_fields[name]\" id=\"form-field-name\" class=\"elementor-field elementor-size-sm  elementor-field-textual\" placeholder=\"Nombre*\" required=\"required\">\n\t\t\t\t\t\t\t\t\t\t\t<\/div>\n\t\t\t\t\t\t\t\t<div class=\"elementor-field-type-text elementor-field-group elementor-column elementor-field-group-prenom elementor-col-50 elementor-field-required\">\n\t\t\t\t\t\t\t\t\t\t\t\t\t<input size=\"1\" type=\"text\" name=\"form_fields[prenom]\" id=\"form-field-prenom\" class=\"elementor-field elementor-size-sm  elementor-field-textual\" placeholder=\"Nombre*\" required=\"required\">\n\t\t\t\t\t\t\t\t\t\t\t<\/div>\n\t\t\t\t\t\t\t\t<div class=\"elementor-field-type-text elementor-field-group elementor-column elementor-field-group-phone elementor-col-50 elementor-field-required\">\n\t\t\t\t\t\t\t\t\t\t\t\t\t<input size=\"1\" type=\"text\" name=\"form_fields[phone]\" id=\"form-field-phone\" class=\"elementor-field elementor-size-sm  elementor-field-textual\" placeholder=\"Tel\u00e9fono*\" required=\"required\">\n\t\t\t\t\t\t\t\t\t\t\t<\/div>\n\t\t\t\t\t\t\t\t<div class=\"elementor-field-type-email elementor-field-group elementor-column elementor-field-group-email elementor-col-50 elementor-field-required\">\n\t\t\t\t\t\t\t\t\t\t\t\t\t<input size=\"1\" type=\"email\" name=\"form_fields[email]\" id=\"form-field-email\" class=\"elementor-field elementor-size-sm  elementor-field-textual\" placeholder=\"E-mail*\" required=\"required\">\n\t\t\t\t\t\t\t\t\t\t\t<\/div>\n\t\t\t\t\t\t\t\t<div class=\"elementor-field-type-textarea elementor-field-group elementor-column elementor-field-group-message elementor-col-100 elementor-field-required\">\n\t\t\t\t\t<textarea class=\"elementor-field-textual elementor-field  elementor-size-sm\" name=\"form_fields[message]\" id=\"form-field-message\" rows=\"4\" placeholder=\"Su solicitud*\" required=\"required\"><\/textarea>\t\t\t\t<\/div>\n\t\t\t\t\t\t\t\t<div class=\"elementor-field-type-recaptcha_v3 elementor-field-group elementor-column elementor-field-group-receptcha elementor-col-100 recaptcha_v3-inline\">\n\t\t\t\t\t<div class=\"elementor-field\" id=\"form-field-receptcha\"><div class=\"elementor-g-recaptcha\" data-sitekey=\"6LeiUF4kAAAAAO2RYp5JSn7SQ_p_5gGtnVlRhKv5\" data-type=\"v3\" data-action=\"Form\" data-badge=\"inline\" data-size=\"invisible\"><\/div><\/div>\t\t\t\t<\/div>\n\t\t\t\t\t\t\t\t<div class=\"elementor-field-group elementor-column elementor-field-type-submit elementor-col-100 e-form__buttons\">\n\t\t\t\t\t<button class=\"elementor-button elementor-size-sm\" type=\"submit\">\n\t\t\t\t\t\t<span class=\"elementor-button-content-wrapper\">\n\t\t\t\t\t\t\t\t\t\t\t\t\t\t\t\t\t\t\t\t\t\t<span class=\"elementor-button-text\">Enviar<\/span>\n\t\t\t\t\t\t\t\t\t\t\t\t\t<\/span>\n\t\t\t\t\t<\/button>\n\t\t\t\t<\/div>\n\t\t\t<\/div>\n\t\t<\/form>\n\t\t\t\t\t\t<\/div>\n\t\t\t\t<\/div>\n\t\t\t\t\t<\/div>\n\t\t<\/div>\n\t\t\t\t\t<\/div>\n\t\t<\/section>\n\t\t\t\t<\/div>\n\t\t","protected":false},"excerpt":{"rendered":"<p>Contactar con el Domaine de Taysse Si desea ponerse en contacto con nosotros para una solicitud concreta, la reserva de una sala para una recepci\u00f3n o un seminario, le facilitamos este formulario, no dude en utilizarlo. Hoteles al aire libre &#8211; Sal\u00f3n de recepciones &#8211; Seminarios &#8211; Pesca Abierto de Pascua a Todos los Santos [&hellip;]<\/p>\n","protected":false},"author":1,"featured_media":0,"parent":0,"menu_order":7,"comment_status":"closed","ping_status":"closed","template":"elementor_header_footer","meta":{"footnotes":""},"class_list":["post-1460","page","type-page","status-publish","hentry"],"yoast_head":"<!-- This site is optimized with the Yoast SEO plugin v27.5 - https:\/\/yoast.com\/product\/yoast-seo-wordpress\/ -->\n<title>Cont\u00e1ctenos - Domaine des \u00e9tangs de Taysse<\/title>\n<meta name=\"description\" content=\"Si desea venir a relajarse en plena naturaleza en el Domaine de Taysse, p\u00f3ngase en contacto con nosotros para todas sus preguntas.\" \/>\n<meta name=\"robots\" content=\"index, follow, max-snippet:-1, max-image-preview:large, max-video-preview:-1\" \/>\n<link rel=\"canonical\" href=\"https:\/\/www.etangs-de-taysse.com\/es\/contacto\/\" \/>\n<meta property=\"og:locale\" content=\"es_ES\" \/>\n<meta property=\"og:type\" content=\"article\" \/>\n<meta property=\"og:title\" content=\"Cont\u00e1ctenos - Domaine des \u00e9tangs de Taysse\" \/>\n<meta property=\"og:description\" content=\"Si desea venir a relajarse en plena naturaleza en el Domaine de Taysse, p\u00f3ngase en contacto con nosotros para todas sus preguntas.\" \/>\n<meta property=\"og:url\" content=\"https:\/\/www.etangs-de-taysse.com\/es\/contacto\/\" \/>\n<meta property=\"og:site_name\" content=\"Domaine des Etangs de Taysse\" \/>\n<meta property=\"article:publisher\" content=\"https:\/\/www.facebook.com\/profile.php?id=100069894913709\" \/>\n<meta property=\"article:modified_time\" content=\"2024-05-10T08:13:09+00:00\" \/>\n<meta property=\"og:image\" content=\"https:\/\/www.etangs-de-taysse.com\/wp-content\/uploads\/2022\/12\/Logo-DomaineDeTaysse-Blanc.png\" \/>\n\t<meta property=\"og:image:width\" content=\"512\" \/>\n\t<meta property=\"og:image:height\" content=\"512\" \/>\n\t<meta property=\"og:image:type\" content=\"image\/png\" \/>\n<meta name=\"twitter:card\" content=\"summary_large_image\" \/>\n<script type=\"application\/ld+json\" class=\"yoast-schema-graph\">{\"@context\":\"https:\\\/\\\/schema.org\",\"@graph\":[{\"@type\":\"WebPage\",\"@id\":\"https:\\\/\\\/www.etangs-de-taysse.com\\\/es\\\/contacto\\\/\",\"url\":\"https:\\\/\\\/www.etangs-de-taysse.com\\\/es\\\/contacto\\\/\",\"name\":\"Cont\u00e1ctenos - Domaine des \u00e9tangs de Taysse\",\"isPartOf\":{\"@id\":\"https:\\\/\\\/www.etangs-de-taysse.com\\\/#website\"},\"datePublished\":\"2022-12-16T17:53:08+00:00\",\"dateModified\":\"2024-05-10T08:13:09+00:00\",\"description\":\"Si desea venir a relajarse en plena naturaleza en el Domaine de Taysse, p\u00f3ngase en contacto con nosotros para todas sus preguntas.\",\"breadcrumb\":{\"@id\":\"https:\\\/\\\/www.etangs-de-taysse.com\\\/es\\\/contacto\\\/#breadcrumb\"},\"inLanguage\":\"es\",\"potentialAction\":[{\"@type\":\"ReadAction\",\"target\":[\"https:\\\/\\\/www.etangs-de-taysse.com\\\/es\\\/contacto\\\/\"]}]},{\"@type\":\"BreadcrumbList\",\"@id\":\"https:\\\/\\\/www.etangs-de-taysse.com\\\/es\\\/contacto\\\/#breadcrumb\",\"itemListElement\":[{\"@type\":\"ListItem\",\"position\":1,\"name\":\"Accueil\",\"item\":\"https:\\\/\\\/www.etangs-de-taysse.com\\\/es\\\/domaine-de-taysse-inicio\\\/\"},{\"@type\":\"ListItem\",\"position\":2,\"name\":\"CONTACTO\"}]},{\"@type\":\"WebSite\",\"@id\":\"https:\\\/\\\/www.etangs-de-taysse.com\\\/#website\",\"url\":\"https:\\\/\\\/www.etangs-de-taysse.com\\\/\",\"name\":\"Domaine des Etangs de Taysse\",\"description\":\"Vous accueille dans ses maisons flottantes, ses cottages ou ses lodges, au coeur de la Corr\u00e8ze-Vall\u00e9e de la Dordogne.\",\"publisher\":{\"@id\":\"https:\\\/\\\/www.etangs-de-taysse.com\\\/#organization\"},\"alternateName\":\"Domaine de Taysse\",\"potentialAction\":[{\"@type\":\"SearchAction\",\"target\":{\"@type\":\"EntryPoint\",\"urlTemplate\":\"https:\\\/\\\/www.etangs-de-taysse.com\\\/?s={search_term_string}\"},\"query-input\":{\"@type\":\"PropertyValueSpecification\",\"valueRequired\":true,\"valueName\":\"search_term_string\"}}],\"inLanguage\":\"es\"},{\"@type\":\"Organization\",\"@id\":\"https:\\\/\\\/www.etangs-de-taysse.com\\\/#organization\",\"name\":\"Domaine de l'Etang de Taysse\",\"alternateName\":\"Domaine de Taysse\",\"url\":\"https:\\\/\\\/www.etangs-de-taysse.com\\\/\",\"logo\":{\"@type\":\"ImageObject\",\"inLanguage\":\"es\",\"@id\":\"https:\\\/\\\/www.etangs-de-taysse.com\\\/#\\\/schema\\\/logo\\\/image\\\/\",\"url\":\"https:\\\/\\\/www.etangs-de-taysse.com\\\/wp-content\\\/uploads\\\/2022\\\/12\\\/cropped-Logo-DomaineDeTaysse-Blanc.png\",\"contentUrl\":\"https:\\\/\\\/www.etangs-de-taysse.com\\\/wp-content\\\/uploads\\\/2022\\\/12\\\/cropped-Logo-DomaineDeTaysse-Blanc.png\",\"width\":512,\"height\":512,\"caption\":\"Domaine de l'Etang de Taysse\"},\"image\":{\"@id\":\"https:\\\/\\\/www.etangs-de-taysse.com\\\/#\\\/schema\\\/logo\\\/image\\\/\"},\"sameAs\":[\"https:\\\/\\\/www.facebook.com\\\/profile.php?id=100069894913709\",\"https:\\\/\\\/www.instagram.com\\\/domainedetaysse\\\/\"]}]}<\/script>\n<!-- \/ Yoast SEO plugin. -->","yoast_head_json":{"title":"Cont\u00e1ctenos - Domaine des \u00e9tangs de Taysse","description":"Si desea venir a relajarse en plena naturaleza en el Domaine de Taysse, p\u00f3ngase en contacto con nosotros para todas sus preguntas.","robots":{"index":"index","follow":"follow","max-snippet":"max-snippet:-1","max-image-preview":"max-image-preview:large","max-video-preview":"max-video-preview:-1"},"canonical":"https:\/\/www.etangs-de-taysse.com\/es\/contacto\/","og_locale":"es_ES","og_type":"article","og_title":"Cont\u00e1ctenos - Domaine des \u00e9tangs de Taysse","og_description":"Si desea venir a relajarse en plena naturaleza en el Domaine de Taysse, p\u00f3ngase en contacto con nosotros para todas sus preguntas.","og_url":"https:\/\/www.etangs-de-taysse.com\/es\/contacto\/","og_site_name":"Domaine des Etangs de Taysse","article_publisher":"https:\/\/www.facebook.com\/profile.php?id=100069894913709","article_modified_time":"2024-05-10T08:13:09+00:00","og_image":[{"width":512,"height":512,"url":"https:\/\/www.etangs-de-taysse.com\/wp-content\/uploads\/2022\/12\/Logo-DomaineDeTaysse-Blanc.png","type":"image\/png"}],"twitter_card":"summary_large_image","schema":{"@context":"https:\/\/schema.org","@graph":[{"@type":"WebPage","@id":"https:\/\/www.etangs-de-taysse.com\/es\/contacto\/","url":"https:\/\/www.etangs-de-taysse.com\/es\/contacto\/","name":"Cont\u00e1ctenos - Domaine des \u00e9tangs de Taysse","isPartOf":{"@id":"https:\/\/www.etangs-de-taysse.com\/#website"},"datePublished":"2022-12-16T17:53:08+00:00","dateModified":"2024-05-10T08:13:09+00:00","description":"Si desea venir a relajarse en plena naturaleza en el Domaine de Taysse, p\u00f3ngase en contacto con nosotros para todas sus preguntas.","breadcrumb":{"@id":"https:\/\/www.etangs-de-taysse.com\/es\/contacto\/#breadcrumb"},"inLanguage":"es","potentialAction":[{"@type":"ReadAction","target":["https:\/\/www.etangs-de-taysse.com\/es\/contacto\/"]}]},{"@type":"BreadcrumbList","@id":"https:\/\/www.etangs-de-taysse.com\/es\/contacto\/#breadcrumb","itemListElement":[{"@type":"ListItem","position":1,"name":"Accueil","item":"https:\/\/www.etangs-de-taysse.com\/es\/domaine-de-taysse-inicio\/"},{"@type":"ListItem","position":2,"name":"CONTACTO"}]},{"@type":"WebSite","@id":"https:\/\/www.etangs-de-taysse.com\/#website","url":"https:\/\/www.etangs-de-taysse.com\/","name":"Domaine des Etangs de Taysse","description":"Vous accueille dans ses maisons flottantes, ses cottages ou ses lodges, au coeur de la Corr\u00e8ze-Vall\u00e9e de la Dordogne.","publisher":{"@id":"https:\/\/www.etangs-de-taysse.com\/#organization"},"alternateName":"Domaine de Taysse","potentialAction":[{"@type":"SearchAction","target":{"@type":"EntryPoint","urlTemplate":"https:\/\/www.etangs-de-taysse.com\/?s={search_term_string}"},"query-input":{"@type":"PropertyValueSpecification","valueRequired":true,"valueName":"search_term_string"}}],"inLanguage":"es"},{"@type":"Organization","@id":"https:\/\/www.etangs-de-taysse.com\/#organization","name":"Domaine de l'Etang de Taysse","alternateName":"Domaine de Taysse","url":"https:\/\/www.etangs-de-taysse.com\/","logo":{"@type":"ImageObject","inLanguage":"es","@id":"https:\/\/www.etangs-de-taysse.com\/#\/schema\/logo\/image\/","url":"https:\/\/www.etangs-de-taysse.com\/wp-content\/uploads\/2022\/12\/cropped-Logo-DomaineDeTaysse-Blanc.png","contentUrl":"https:\/\/www.etangs-de-taysse.com\/wp-content\/uploads\/2022\/12\/cropped-Logo-DomaineDeTaysse-Blanc.png","width":512,"height":512,"caption":"Domaine de l'Etang de Taysse"},"image":{"@id":"https:\/\/www.etangs-de-taysse.com\/#\/schema\/logo\/image\/"},"sameAs":["https:\/\/www.facebook.com\/profile.php?id=100069894913709","https:\/\/www.instagram.com\/domainedetaysse\/"]}]}},"_links":{"self":[{"href":"https:\/\/www.etangs-de-taysse.com\/es\/wp-json\/wp\/v2\/pages\/1460","targetHints":{"allow":["GET"]}}],"collection":[{"href":"https:\/\/www.etangs-de-taysse.com\/es\/wp-json\/wp\/v2\/pages"}],"about":[{"href":"https:\/\/www.etangs-de-taysse.com\/es\/wp-json\/wp\/v2\/types\/page"}],"author":[{"embeddable":true,"href":"https:\/\/www.etangs-de-taysse.com\/es\/wp-json\/wp\/v2\/users\/1"}],"replies":[{"embeddable":true,"href":"https:\/\/www.etangs-de-taysse.com\/es\/wp-json\/wp\/v2\/comments?post=1460"}],"version-history":[{"count":3,"href":"https:\/\/www.etangs-de-taysse.com\/es\/wp-json\/wp\/v2\/pages\/1460\/revisions"}],"predecessor-version":[{"id":2684,"href":"https:\/\/www.etangs-de-taysse.com\/es\/wp-json\/wp\/v2\/pages\/1460\/revisions\/2684"}],"wp:attachment":[{"href":"https:\/\/www.etangs-de-taysse.com\/es\/wp-json\/wp\/v2\/media?parent=1460"}],"curies":[{"name":"wp","href":"https:\/\/api.w.org\/{rel}","templated":true}]}}